{"id":60,"date":"2020-04-27T21:05:53","date_gmt":"2020-04-27T19:05:53","guid":{"rendered":"https:\/\/gaestehaus-gamauf.at\/?page_id=60"},"modified":"2020-04-27T21:05:53","modified_gmt":"2020-04-27T19:05:53","slug":"freizeitmoglichkeiten","status":"publish","type":"page","link":"https:\/\/gaestehaus-gamauf.at\/?page_id=60","title":{"rendered":"Freizeitm\u00f6glichkeiten"},"content":{"rendered":"\n<p>\nEs bieten sich zum einen viele Sportm\u00f6glichkeiten wie<br><br><\/p>\n\n\n\n<ul><li>Radfahren (Gratisfahrr\u00e4der stehen zur Verf\u00fcgung)     <\/li><li>Wandern<\/li><li>Beachvolleyball<\/li><li>Tennis im Ort     <\/li><li>Schwimmen (Badesee im Nachbarort Neustift a. d. Lafnitz)<\/li><\/ul>\n\n\n\n<p>\noder kulturelle Ausfl\u00fcge in <br><\/p>\n\n\n\n<ul><li>diverse Kulturzentren<\/li><li>Vinotheken oder auch<\/li><li>Museen<\/li><\/ul>\n\n\n\n<p>\nan.<br><br>\nNat\u00fcrlich k\u00f6nnen Sie Ihre Seele baumeln lassen, bei einem entspannenden Thermenbesuch in den nahegelegenen Thermalb\u00e4dern:<br><\/p>\n\n\n\n<ul><li>Bad Tatzmannsdorf<\/li><li>Loipersdorf in der Steiermark<\/li><li>Bad Waltersdorf<\/li><li>Lutzmannsburg<\/li><li>Stegersbach<\/li><li>Blumau<\/li><\/ul>\n","protected":false},"excerpt":{"rendered":"<p>Es bieten sich zum einen viele Sportm\u00f6glichkeiten wie Radfahren (Gratisfahrr\u00e4der stehen zur Verf\u00fcgung) Wandern Beachvolleyball Tennis im Ort Schwimmen (Badesee im Nachbarort Neustift a. d. Lafnitz) oder kulturelle Ausfl\u00fcge in diverse Kulturzentren Vinotheken oder auch Museen an. Nat\u00fcrlich k\u00f6nnen Sie Ihre Seele baumeln lassen, bei einem entspannenden Thermenbesuch in den nahegelegenen Thermalb\u00e4dern: Bad Tatzmannsdorf Loipersdorf &hellip; <\/p>\n<p class=\"link-more\"><a href=\"https:\/\/gaestehaus-gamauf.at\/?page_id=60\" class=\"more-link\">Continue reading<span class=\"screen-reader-text\"> &#8220;Freizeitm\u00f6glichkeiten&#8221;<\/span><\/a><\/p>\n","protected":false},"author":1,"featured_media":0,"parent":0,"menu_order":0,"comment_status":"closed","ping_status":"closed","template":"","meta":[],"_links":{"self":[{"href":"https:\/\/gaestehaus-gamauf.at\/index.php?rest_route=\/wp\/v2\/pages\/60"}],"collection":[{"href":"https:\/\/gaestehaus-gamauf.at\/index.php?rest_route=\/wp\/v2\/pages"}],"about":[{"href":"https:\/\/gaestehaus-gamauf.at\/index.php?rest_route=\/wp\/v2\/types\/page"}],"author":[{"embeddable":true,"href":"https:\/\/gaestehaus-gamauf.at\/index.php?rest_route=\/wp\/v2\/users\/1"}],"replies":[{"embeddable":true,"href":"https:\/\/gaestehaus-gamauf.at\/index.php?rest_route=%2Fwp%2Fv2%2Fcomments&post=60"}],"version-history":[{"count":1,"href":"https:\/\/gaestehaus-gamauf.at\/index.php?rest_route=\/wp\/v2\/pages\/60\/revisions"}],"predecessor-version":[{"id":61,"href":"https:\/\/gaestehaus-gamauf.at\/index.php?rest_route=\/wp\/v2\/pages\/60\/revisions\/61"}],"wp:attachment":[{"href":"https:\/\/gaestehaus-gamauf.at\/index.php?rest_route=%2Fwp%2Fv2%2Fmedia&parent=60"}],"curies":[{"name":"wp","href":"https:\/\/api.w.org\/{rel}","templated":true}]}}