{"id":58,"date":"2020-04-27T21:02:51","date_gmt":"2020-04-27T19:02:51","guid":{"rendered":"https:\/\/gaestehaus-gamauf.at\/?page_id=58"},"modified":"2023-01-19T07:38:42","modified_gmt":"2023-01-19T06:38:42","slug":"preise","status":"publish","type":"page","link":"https:\/\/gaestehaus-gamauf.at\/?page_id=58","title":{"rendered":"Preise"},"content":{"rendered":"\n<figure class=\"wp-block-table\"><table><tbody><tr><td>Ab drei N\u00e4chte f\u00fcr das G\u00e4stehaus f\u00fcr 2 Personen pro Nacht:<\/td><td>65,-\u00a0 EUR <br>             <\/td><\/tr><tr><td>Bei k\u00fcrzerem Aufenthalt bitte um Anfrage<br>\n            <\/td><td><br>\n            <\/td><\/tr><tr><td>Ortstaxe pro Person ab 14 Jahre je Nacht<br>\n            <\/td><td>2,50\u00a0 EUR<\/td><\/tr><tr><td><\/td><td><\/td><\/tr><tr><td><\/td><td><\/td><\/tr><tr><td>Endreinigung einmalig<\/td><td>50,- &nbsp;&nbsp; EUR <br>\n            <\/td><\/tr><tr><td>&nbsp;<\/td><td>&nbsp;<\/td><\/tr><tr><td>&nbsp;<\/td><td>&nbsp;<\/td><\/tr><tr><td>Wir w\u00fcnschen einen sch\u00f6nen Aufenthalt!<\/td><\/tr><\/tbody><\/table><\/figure>\n","protected":false},"excerpt":{"rendered":"<p>Ab drei N\u00e4chte f\u00fcr das G\u00e4stehaus f\u00fcr 2 Personen pro Nacht: 65,-\u00a0 EUR Bei k\u00fcrzerem Aufenthalt bitte um Anfrage Ortstaxe pro Person ab 14 Jahre je Nacht 2,50\u00a0 EUR Endreinigung einmalig 50,- &nbsp;&nbsp; EUR &nbsp; &nbsp; &nbsp; &nbsp; Wir w\u00fcnschen einen sch\u00f6nen Aufenthalt!<\/p>\n","protected":false},"author":1,"featured_media":0,"parent":0,"menu_order":6,"comment_status":"closed","ping_status":"closed","template":"","meta":[],"_links":{"self":[{"href":"https:\/\/gaestehaus-gamauf.at\/index.php?rest_route=\/wp\/v2\/pages\/58"}],"collection":[{"href":"https:\/\/gaestehaus-gamauf.at\/index.php?rest_route=\/wp\/v2\/pages"}],"about":[{"href":"https:\/\/gaestehaus-gamauf.at\/index.php?rest_route=\/wp\/v2\/types\/page"}],"author":[{"embeddable":true,"href":"https:\/\/gaestehaus-gamauf.at\/index.php?rest_route=\/wp\/v2\/users\/1"}],"replies":[{"embeddable":true,"href":"https:\/\/gaestehaus-gamauf.at\/index.php?rest_route=%2Fwp%2Fv2%2Fcomments&post=58"}],"version-history":[{"count":4,"href":"https:\/\/gaestehaus-gamauf.at\/index.php?rest_route=\/wp\/v2\/pages\/58\/revisions"}],"predecessor-version":[{"id":89,"href":"https:\/\/gaestehaus-gamauf.at\/index.php?rest_route=\/wp\/v2\/pages\/58\/revisions\/89"}],"wp:attachment":[{"href":"https:\/\/gaestehaus-gamauf.at\/index.php?rest_route=%2Fwp%2Fv2%2Fmedia&parent=58"}],"curies":[{"name":"wp","href":"https:\/\/api.w.org\/{rel}","templated":true}]}}