{"id":28,"date":"2020-03-27T14:40:16","date_gmt":"2020-03-27T13:40:16","guid":{"rendered":"https:\/\/gaestehaus-gamauf.at\/?page_id=28"},"modified":"2020-03-27T19:35:59","modified_gmt":"2020-03-27T18:35:59","slug":"gastehaus","status":"publish","type":"page","link":"https:\/\/gaestehaus-gamauf.at\/?page_id=28","title":{"rendered":"G\u00e4stehaus"},"content":{"rendered":"\n<p>\nDas Appartement bietet:<br><\/p>\n\n\n\n<ul><li>Ein Wohnzimmer mit ausziehbarem Sofa, Sat-TV und Radio<br>\n    <\/li><li>Eine K\u00fcche mit kompletter Ausstattung (Mikrowelle, E-Herd, Geschirrsp\u00fcler, &#8230;) und einem neuen Kachelherd<\/li><li>Ein Schlafzimmer mit Komplettaustattung und Doppel-Bett (Bei Bedarf ein Kinderbett)<br>\n    <\/li><li>Heller Vorraum mit Rattan-M\u00f6beln, Garderobe<br>\n    <\/li><li>Bad, WC (Haarf\u00f6n, Bade- und Handt\u00fccher)<br>\n    <\/li><li>Gro\u00dfe Terrasse und Liegewiese (Liegest\u00fchle sind vorhanden)<\/li><li>Obst- und Gem\u00fcsegarten<\/li><li>Gratisfahrr\u00e4der<\/li><li>Parkpl\u00e4tze<\/li><li>Kinderspielplatz<\/li><li>Grillplatz<\/li><\/ul>\n\n\n\n<p>\nErstversorgung ist gew\u00e4hrleistet mit einem gef\u00fcllten K\u00fchlschrank, gratis zum Entnehmen und einem vielf\u00e4ltigen Obstkorb.<br><br>\nAuf Wunsch bieten wir ein reichhaltiges Fr\u00fchst\u00fcck mit hausgemachter Marmelade und Eiern aus eigener Freilandhaltung\n\n<\/p>\n","protected":false},"excerpt":{"rendered":"<p>Das Appartement bietet: Ein Wohnzimmer mit ausziehbarem Sofa, Sat-TV und Radio Eine K\u00fcche mit kompletter Ausstattung (Mikrowelle, E-Herd, Geschirrsp\u00fcler, &#8230;) und einem neuen Kachelherd Ein Schlafzimmer mit Komplettaustattung und Doppel-Bett (Bei Bedarf ein Kinderbett) Heller Vorraum mit Rattan-M\u00f6beln, Garderobe Bad, WC (Haarf\u00f6n, Bade- und Handt\u00fccher) Gro\u00dfe Terrasse und Liegewiese (Liegest\u00fchle sind vorhanden) Obst- und Gem\u00fcsegarten &hellip; <\/p>\n<p class=\"link-more\"><a href=\"https:\/\/gaestehaus-gamauf.at\/?page_id=28\" class=\"more-link\">Continue reading<span class=\"screen-reader-text\"> &#8220;G\u00e4stehaus&#8221;<\/span><\/a><\/p>\n","protected":false},"author":1,"featured_media":0,"parent":0,"menu_order":0,"comment_status":"closed","ping_status":"closed","template":"","meta":[],"_links":{"self":[{"href":"https:\/\/gaestehaus-gamauf.at\/index.php?rest_route=\/wp\/v2\/pages\/28"}],"collection":[{"href":"https:\/\/gaestehaus-gamauf.at\/index.php?rest_route=\/wp\/v2\/pages"}],"about":[{"href":"https:\/\/gaestehaus-gamauf.at\/index.php?rest_route=\/wp\/v2\/types\/page"}],"author":[{"embeddable":true,"href":"https:\/\/gaestehaus-gamauf.at\/index.php?rest_route=\/wp\/v2\/users\/1"}],"replies":[{"embeddable":true,"href":"https:\/\/gaestehaus-gamauf.at\/index.php?rest_route=%2Fwp%2Fv2%2Fcomments&post=28"}],"version-history":[{"count":1,"href":"https:\/\/gaestehaus-gamauf.at\/index.php?rest_route=\/wp\/v2\/pages\/28\/revisions"}],"predecessor-version":[{"id":29,"href":"https:\/\/gaestehaus-gamauf.at\/index.php?rest_route=\/wp\/v2\/pages\/28\/revisions\/29"}],"wp:attachment":[{"href":"https:\/\/gaestehaus-gamauf.at\/index.php?rest_route=%2Fwp%2Fv2%2Fmedia&parent=28"}],"curies":[{"name":"wp","href":"https:\/\/api.w.org\/{rel}","templated":true}]}}